{"id":2823,"date":"2024-12-04T13:45:45","date_gmt":"2024-12-04T13:45:45","guid":{"rendered":"https:\/\/cristinairiondo.rkinformatika.online\/?page_id=2823"},"modified":"2024-12-05T09:08:00","modified_gmt":"2024-12-05T09:08:00","slug":"metodologia","status":"publish","type":"page","link":"https:\/\/mentoracristinairiondo.com\/eus\/metodologia\/","title":{"rendered":"Metodologia"},"content":{"rendered":"\t\t<div data-elementor-type=\"wp-page\" data-elementor-id=\"2823\" class=\"elementor elementor-2823\" data-elementor-post-type=\"page\">\n\t\t\t\t<div class=\"elementor-element elementor-element-2dec7d2 e-con-full e-flex e-con e-parent\" data-id=\"2dec7d2\" data-element_type=\"container\" data-e-type=\"container\" data-settings=\"{&quot;background_background&quot;:&quot;slideshow&quot;,&quot;background_slideshow_gallery&quot;:[{&quot;id&quot;:2795,&quot;url&quot;:&quot;https:\\\/\\\/mentoracristinairiondo.com\\\/wp-content\\\/uploads\\\/2024\\\/12\\\/2147923336.jpg&quot;}],&quot;background_slideshow_slide_duration&quot;:5000,&quot;background_slideshow_slide_transition&quot;:&quot;fade&quot;,&quot;background_slideshow_transition_duration&quot;:500}\">\n\t\t\t\t<div class=\"elementor-element elementor-element-711396c elementor-widget elementor-widget-heading\" data-id=\"711396c\" data-element_type=\"widget\" data-e-type=\"widget\" data-widget_type=\"heading.default\">\n\t\t\t\t<div class=\"elementor-widget-container\">\n\t\t\t\t\t<h2 class=\"elementor-heading-title elementor-size-default\">Metodolog\u00eda de Trabajo<\/h2>\t\t\t\t<\/div>\n\t\t\t\t<\/div>\n\t\t\t\t<div class=\"elementor-element elementor-element-8ebc42f elementor-widget elementor-widget-heading\" data-id=\"8ebc42f\" data-element_type=\"widget\" data-e-type=\"widget\" data-widget_type=\"heading.default\">\n\t\t\t\t<div class=\"elementor-widget-container\">\n\t\t\t\t\t<h2 class=\"elementor-heading-title elementor-size-default\">Mi enfoque: pr\u00e1ctico, cercano y orientado a resultados.<\/h2>\t\t\t\t<\/div>\n\t\t\t\t<\/div>\n\t\t\t\t<div class=\"elementor-element elementor-element-b336f73 elementor-widget elementor-widget-heading\" data-id=\"b336f73\" data-element_type=\"widget\" data-e-type=\"widget\" data-widget_type=\"heading.default\">\n\t\t\t\t<div class=\"elementor-widget-container\">\n\t\t\t\t\t<h2 class=\"elementor-heading-title elementor-size-default\">1. Diagn\u00f3stico inicial personalizado. <br>\n2. Plan de acci\u00f3n espec\u00edfico para tu pyme. <br>\n3. Acompa\u00f1amiento continuo y seguimiento de resultados. <\/h2>\t\t\t\t<\/div>\n\t\t\t\t<\/div>\n\t\t\t\t<\/div>\n\t\t<div class=\"elementor-element elementor-element-401f443 e-flex e-con-boxed e-con e-parent\" data-id=\"401f443\" data-element_type=\"container\" data-e-type=\"container\">\n\t\t\t\t\t<div class=\"e-con-inner\">\n\t\t<div class=\"elementor-element elementor-element-a53018a e-con-full e-flex e-con e-child\" data-id=\"a53018a\" data-element_type=\"container\" data-e-type=\"container\">\n\t\t\t\t<div class=\"elementor-element elementor-element-8451294 elementor-widget elementor-widget-heading\" data-id=\"8451294\" data-element_type=\"widget\" data-e-type=\"widget\" data-widget_type=\"heading.default\">\n\t\t\t\t<div class=\"elementor-widget-container\">\n\t\t\t\t\t<h2 class=\"elementor-heading-title elementor-size-default\">Un enfoque pr\u00e1ctico para transformar tu pyme.<\/h2>\t\t\t\t<\/div>\n\t\t\t\t<\/div>\n\t\t\t\t<div class=\"elementor-element elementor-element-36b283f elementor-widget elementor-widget-text-editor\" data-id=\"36b283f\" data-element_type=\"widget\" data-e-type=\"widget\" data-widget_type=\"text-editor.default\">\n\t\t\t\t<div class=\"elementor-widget-container\">\n\t\t\t\t\t\t\t\t\t<p><strong>La mentor\u00eda empresarial es m\u00e1s que consejos: es un proceso estructurado para impulsar el crecimiento de tu empresa.<\/strong><\/p>\t\t\t\t\t\t\t\t<\/div>\n\t\t\t\t<\/div>\n\t\t\t\t<div class=\"elementor-element elementor-element-c44b488 elementor-widget elementor-widget-text-editor\" data-id=\"c44b488\" data-element_type=\"widget\" data-e-type=\"widget\" data-widget_type=\"text-editor.default\">\n\t\t\t\t<div class=\"elementor-widget-container\">\n\t\t\t\t\t\t\t\t\t<p>Este proceso no solo se limita a resolver problemas o alcanzar metas a corto plazo. Mi enfoque est\u00e1 dise\u00f1ado para fortalecer tu visi\u00f3n como l\u00edder y posicionar tu empresa en un camino de \u00e9xito continuo. Trabajamos juntos para construir estrategias innovadoras que impulsen tu competitividad, aumenten la eficiencia de tus operaciones y fortalezcan tu equipo humano.<\/p><p>Mi compromiso radica en ofrecerte una mentor\u00eda basada en valores como la empat\u00eda, la confianza y la excelencia, asegur\u00e1ndome de que cada paso est\u00e9 alineado con las metas espec\u00edficas de tu empresa y con tus propios valores como l\u00edder. Adem\u00e1s, mi experiencia me permite anticiparme a futuros desaf\u00edos del mercado, ayud\u00e1ndote a preparar tu pyme para un entorno din\u00e1mico.<\/p><p>Si buscas un acompa\u00f1amiento estrat\u00e9gico que combine experiencia, cercan\u00eda y resultados tangibles, estoy aqu\u00ed para ayudarte a llevar tu pyme al siguiente nivel.<\/p>\t\t\t\t\t\t\t\t<\/div>\n\t\t\t\t<\/div>\n\t\t\t\t<\/div>\n\t\t\t\t\t<\/div>\n\t\t\t\t<\/div>\n\t\t<div class=\"elementor-element elementor-element-cd5c549 e-flex e-con-boxed e-con e-parent\" data-id=\"cd5c549\" data-element_type=\"container\" data-e-type=\"container\">\n\t\t\t\t\t<div class=\"e-con-inner\">\n\t\t\t\t<div class=\"elementor-element elementor-element-480b741 elementor-widget elementor-widget-heading\" data-id=\"480b741\" data-element_type=\"widget\" data-e-type=\"widget\" data-widget_type=\"heading.default\">\n\t\t\t\t<div class=\"elementor-widget-container\">\n\t\t\t\t\t<h2 class=\"elementor-heading-title elementor-size-default\">Proceso detallado<\/h2>\t\t\t\t<\/div>\n\t\t\t\t<\/div>\n\t\t\t\t\t<\/div>\n\t\t\t\t<\/div>\n\t\t<div class=\"elementor-element elementor-element-319cdc7 e-flex e-con-boxed e-con e-parent\" data-id=\"319cdc7\" data-element_type=\"container\" data-e-type=\"container\">\n\t\t\t\t\t<div class=\"e-con-inner\">\n\t\t\t\t<div class=\"elementor-element elementor-element-0bb2816 elementor-position-top elementor-widget elementor-widget-image-box\" data-id=\"0bb2816\" data-element_type=\"widget\" data-e-type=\"widget\" data-widget_type=\"image-box.default\">\n\t\t\t\t<div class=\"elementor-widget-container\">\n\t\t\t\t\t<div class=\"elementor-image-box-wrapper\"><figure class=\"elementor-image-box-img\"><img fetchpriority=\"high\" decoding=\"async\" width=\"1500\" height=\"1000\" src=\"https:\/\/mentoracristinairiondo.com\/wp-content\/uploads\/2024\/09\/11550.jpg\" class=\"attachment-full size-full wp-image-2646\" alt=\"\" srcset=\"https:\/\/mentoracristinairiondo.com\/wp-content\/uploads\/2024\/09\/11550.jpg 1500w, https:\/\/mentoracristinairiondo.com\/wp-content\/uploads\/2024\/09\/11550-300x200.jpg 300w, https:\/\/mentoracristinairiondo.com\/wp-content\/uploads\/2024\/09\/11550-1024x683.jpg 1024w, https:\/\/mentoracristinairiondo.com\/wp-content\/uploads\/2024\/09\/11550-768x512.jpg 768w, https:\/\/mentoracristinairiondo.com\/wp-content\/uploads\/2024\/09\/11550-18x12.jpg 18w\" sizes=\"(max-width: 1500px) 100vw, 1500px\" \/><\/figure><div class=\"elementor-image-box-content\"><h3 class=\"elementor-image-box-title\">1. An\u00e1lisis inicial (Diagn\u00f3stico)<\/h3><p class=\"elementor-image-box-description\">Identificamos juntos los retos clave y las \u00e1reas de mejora de tu pyme. <br><br>\nRevisamos tus objetivos a corto, medio y largo plazo. <br><br>\nHerramienta: Auditor\u00eda b\u00e1sica o cuestionario inicial para conocer tu situaci\u00f3n actual. \n<\/p><\/div><\/div>\t\t\t\t<\/div>\n\t\t\t\t<\/div>\n\t\t\t\t<div class=\"elementor-element elementor-element-5259ff6 elementor-position-top elementor-widget elementor-widget-image-box\" data-id=\"5259ff6\" data-element_type=\"widget\" data-e-type=\"widget\" data-widget_type=\"image-box.default\">\n\t\t\t\t<div class=\"elementor-widget-container\">\n\t\t\t\t\t<div class=\"elementor-image-box-wrapper\"><figure class=\"elementor-image-box-img\"><img decoding=\"async\" width=\"1500\" height=\"1000\" src=\"https:\/\/mentoracristinairiondo.com\/wp-content\/uploads\/2024\/12\/2081.jpg\" class=\"attachment-full size-full wp-image-2794\" alt=\"\" srcset=\"https:\/\/mentoracristinairiondo.com\/wp-content\/uploads\/2024\/12\/2081.jpg 1500w, https:\/\/mentoracristinairiondo.com\/wp-content\/uploads\/2024\/12\/2081-300x200.jpg 300w, https:\/\/mentoracristinairiondo.com\/wp-content\/uploads\/2024\/12\/2081-1024x683.jpg 1024w, https:\/\/mentoracristinairiondo.com\/wp-content\/uploads\/2024\/12\/2081-768x512.jpg 768w, https:\/\/mentoracristinairiondo.com\/wp-content\/uploads\/2024\/12\/2081-18x12.jpg 18w\" sizes=\"(max-width: 1500px) 100vw, 1500px\" \/><\/figure><div class=\"elementor-image-box-content\"><h3 class=\"elementor-image-box-title\">2. Dise\u00f1o del plan estrat\u00e9gico<\/h3><p class=\"elementor-image-box-description\">Desarrollo de un plan de acci\u00f3n personalizado con metas claras y alcanzables. <br> <br>\nIdentificaci\u00f3n de recursos necesarios y plazos espec\u00edficos. \n<\/p><\/div><\/div>\t\t\t\t<\/div>\n\t\t\t\t<\/div>\n\t\t\t\t<div class=\"elementor-element elementor-element-058ebc0 elementor-position-top elementor-widget elementor-widget-image-box\" data-id=\"058ebc0\" data-element_type=\"widget\" data-e-type=\"widget\" data-widget_type=\"image-box.default\">\n\t\t\t\t<div class=\"elementor-widget-container\">\n\t\t\t\t\t<div class=\"elementor-image-box-wrapper\"><figure class=\"elementor-image-box-img\"><img decoding=\"async\" width=\"1500\" height=\"1000\" src=\"https:\/\/mentoracristinairiondo.com\/wp-content\/uploads\/2024\/12\/15194.jpg\" class=\"attachment-full size-full wp-image-2809\" alt=\"\" srcset=\"https:\/\/mentoracristinairiondo.com\/wp-content\/uploads\/2024\/12\/15194.jpg 1500w, https:\/\/mentoracristinairiondo.com\/wp-content\/uploads\/2024\/12\/15194-300x200.jpg 300w, https:\/\/mentoracristinairiondo.com\/wp-content\/uploads\/2024\/12\/15194-1024x683.jpg 1024w, https:\/\/mentoracristinairiondo.com\/wp-content\/uploads\/2024\/12\/15194-768x512.jpg 768w, https:\/\/mentoracristinairiondo.com\/wp-content\/uploads\/2024\/12\/15194-18x12.jpg 18w\" sizes=\"(max-width: 1500px) 100vw, 1500px\" \/><\/figure><div class=\"elementor-image-box-content\"><h3 class=\"elementor-image-box-title\">3. Ejecuci\u00f3n con acompa\u00f1amiento<\/h3><p class=\"elementor-image-box-description\">Implementamos las estrategias dise\u00f1adas. <br><br>\nReuniones peri\u00f3dicas para evaluar el progreso, ajustar estrategias y resolver dudas.\n<\/p><\/div><\/div>\t\t\t\t<\/div>\n\t\t\t\t<\/div>\n\t\t\t\t<div class=\"elementor-element elementor-element-30aed21 elementor-position-top elementor-widget elementor-widget-image-box\" data-id=\"30aed21\" data-element_type=\"widget\" data-e-type=\"widget\" data-widget_type=\"image-box.default\">\n\t\t\t\t<div class=\"elementor-widget-container\">\n\t\t\t\t\t<div class=\"elementor-image-box-wrapper\"><figure class=\"elementor-image-box-img\"><img fetchpriority=\"high\" decoding=\"async\" width=\"1500\" height=\"1000\" src=\"https:\/\/mentoracristinairiondo.com\/wp-content\/uploads\/2024\/09\/11550.jpg\" class=\"attachment-full size-full wp-image-2646\" alt=\"\" srcset=\"https:\/\/mentoracristinairiondo.com\/wp-content\/uploads\/2024\/09\/11550.jpg 1500w, https:\/\/mentoracristinairiondo.com\/wp-content\/uploads\/2024\/09\/11550-300x200.jpg 300w, https:\/\/mentoracristinairiondo.com\/wp-content\/uploads\/2024\/09\/11550-1024x683.jpg 1024w, https:\/\/mentoracristinairiondo.com\/wp-content\/uploads\/2024\/09\/11550-768x512.jpg 768w, https:\/\/mentoracristinairiondo.com\/wp-content\/uploads\/2024\/09\/11550-18x12.jpg 18w\" sizes=\"(max-width: 1500px) 100vw, 1500px\" \/><\/figure><div class=\"elementor-image-box-content\"><h3 class=\"elementor-image-box-title\">4. Medici\u00f3n de resultados<\/h3><p class=\"elementor-image-box-description\">Revisi\u00f3n de indicadores clave (ventas, eficiencia, satisfacci\u00f3n del equipo, etc.). <br><br>\nInforme final con conclusiones y recomendaciones futuras. \n\n<\/p><\/div><\/div>\t\t\t\t<\/div>\n\t\t\t\t<\/div>\n\t\t\t\t\t<\/div>\n\t\t\t\t<\/div>\n\t\t<div class=\"elementor-element elementor-element-91cab40 e-flex e-con-boxed e-con e-parent\" data-id=\"91cab40\" data-element_type=\"container\" data-e-type=\"container\">\n\t\t\t\t\t<div class=\"e-con-inner\">\n\t\t\t\t<div class=\"elementor-element elementor-element-aa391da elementor-position-left elementor-vertical-align-top elementor-widget elementor-widget-image-box\" data-id=\"aa391da\" data-element_type=\"widget\" data-e-type=\"widget\" data-widget_type=\"image-box.default\">\n\t\t\t\t<div class=\"elementor-widget-container\">\n\t\t\t\t\t<div class=\"elementor-image-box-wrapper\"><figure class=\"elementor-image-box-img\"><img loading=\"lazy\" decoding=\"async\" width=\"500\" height=\"500\" src=\"https:\/\/mentoracristinairiondo.com\/wp-content\/uploads\/2024\/12\/Mentora-Empresarial-2.jpg\" class=\"attachment-full size-full wp-image-2593\" alt=\"\" srcset=\"https:\/\/mentoracristinairiondo.com\/wp-content\/uploads\/2024\/12\/Mentora-Empresarial-2.jpg 500w, https:\/\/mentoracristinairiondo.com\/wp-content\/uploads\/2024\/12\/Mentora-Empresarial-2-300x300.jpg 300w, https:\/\/mentoracristinairiondo.com\/wp-content\/uploads\/2024\/12\/Mentora-Empresarial-2-150x150.jpg 150w, https:\/\/mentoracristinairiondo.com\/wp-content\/uploads\/2024\/12\/Mentora-Empresarial-2-12x12.jpg 12w\" sizes=\"(max-width: 500px) 100vw, 500px\" \/><\/figure><div class=\"elementor-image-box-content\"><h3 class=\"elementor-image-box-title\">Ventajas del proceso<\/h3><p class=\"elementor-image-box-description\">Una visi\u00f3n externa, objetiva y experimentada. <br><br>\nSoluciones adaptadas al contexto de tu pyme y mercado. <br><br>\nResultados sostenibles, no soluciones r\u00e1pidas. \n<\/p><\/div><\/div>\t\t\t\t<\/div>\n\t\t\t\t<\/div>\n\t\t\t\t\t<\/div>\n\t\t\t\t<\/div>\n\t\t\t\t<\/div>\n\t\t","protected":false},"excerpt":{"rendered":"<p>Metodolog\u00eda de Trabajo Mi enfoque: pr\u00e1ctico, cercano y orientado a resultados. 1. Diagn\u00f3stico inicial personalizado. 2. Plan de acci\u00f3n espec\u00edfico para tu pyme. 3. Acompa\u00f1amiento continuo y seguimiento de resultados. Un enfoque pr\u00e1ctico para transformar tu pyme. La mentor\u00eda empresarial es m\u00e1s que consejos: es un proceso estructurado para impulsar el crecimiento de tu empresa. [&hellip;]<\/p>\n","protected":false},"author":2,"featured_media":0,"parent":0,"menu_order":0,"comment_status":"closed","ping_status":"closed","template":"","meta":{"footnotes":""},"class_list":["post-2823","page","type-page","status-publish","hentry"],"yoast_head":"<!-- This site is optimized with the Yoast SEO plugin v27.3 - https:\/\/yoast.com\/product\/yoast-seo-wordpress\/ -->\n<title>Metodolog\u00eda - Cristina Irondo<\/title>\n<meta name=\"robots\" content=\"index, follow, max-snippet:-1, max-image-preview:large, max-video-preview:-1\" \/>\n<link rel=\"canonical\" href=\"https:\/\/mentoracristinairiondo.com\/eus\/metodologia\/\" \/>\n<meta property=\"og:locale\" content=\"en_US\" \/>\n<meta property=\"og:type\" content=\"article\" \/>\n<meta property=\"og:title\" content=\"Metodolog\u00eda - Cristina Irondo\" \/>\n<meta property=\"og:description\" content=\"Metodolog\u00eda de Trabajo Mi enfoque: pr\u00e1ctico, cercano y orientado a resultados. 1. Diagn\u00f3stico inicial personalizado. 2. Plan de acci\u00f3n espec\u00edfico para tu pyme. 3. Acompa\u00f1amiento continuo y seguimiento de resultados. Un enfoque pr\u00e1ctico para transformar tu pyme. La mentor\u00eda empresarial es m\u00e1s que consejos: es un proceso estructurado para impulsar el crecimiento de tu empresa. [&hellip;]\" \/>\n<meta property=\"og:url\" content=\"https:\/\/mentoracristinairiondo.com\/eus\/metodologia\/\" \/>\n<meta property=\"og:site_name\" content=\"Cristina Irondo\" \/>\n<meta property=\"article:modified_time\" content=\"2024-12-05T09:08:00+00:00\" \/>\n<meta property=\"og:image\" content=\"https:\/\/mentoracristinairiondo.com\/wp-content\/uploads\/2024\/09\/11550.jpg\" \/>\n\t<meta property=\"og:image:width\" content=\"1500\" \/>\n\t<meta property=\"og:image:height\" content=\"1000\" \/>\n\t<meta property=\"og:image:type\" content=\"image\/jpeg\" \/>\n<meta name=\"twitter:card\" content=\"summary_large_image\" \/>\n<meta name=\"twitter:label1\" content=\"Est. reading time\" \/>\n\t<meta name=\"twitter:data1\" content=\"2 minutua\" \/>\n<script type=\"application\/ld+json\" class=\"yoast-schema-graph\">{\"@context\":\"https:\\\/\\\/schema.org\",\"@graph\":[{\"@type\":\"WebPage\",\"@id\":\"https:\\\/\\\/mentoracristinairiondo.com\\\/metodologia\\\/\",\"url\":\"https:\\\/\\\/mentoracristinairiondo.com\\\/metodologia\\\/\",\"name\":\"Metodolog\u00eda - Cristina Irondo\",\"isPartOf\":{\"@id\":\"https:\\\/\\\/mentoracristinairiondo.com\\\/#website\"},\"primaryImageOfPage\":{\"@id\":\"https:\\\/\\\/mentoracristinairiondo.com\\\/metodologia\\\/#primaryimage\"},\"image\":{\"@id\":\"https:\\\/\\\/mentoracristinairiondo.com\\\/metodologia\\\/#primaryimage\"},\"thumbnailUrl\":\"https:\\\/\\\/mentoracristinairiondo.com\\\/wp-content\\\/uploads\\\/2024\\\/09\\\/11550.jpg\",\"datePublished\":\"2024-12-04T13:45:45+00:00\",\"dateModified\":\"2024-12-05T09:08:00+00:00\",\"breadcrumb\":{\"@id\":\"https:\\\/\\\/mentoracristinairiondo.com\\\/metodologia\\\/#breadcrumb\"},\"inLanguage\":\"eu\",\"potentialAction\":[{\"@type\":\"ReadAction\",\"target\":[\"https:\\\/\\\/mentoracristinairiondo.com\\\/metodologia\\\/\"]}]},{\"@type\":\"ImageObject\",\"inLanguage\":\"eu\",\"@id\":\"https:\\\/\\\/mentoracristinairiondo.com\\\/metodologia\\\/#primaryimage\",\"url\":\"https:\\\/\\\/mentoracristinairiondo.com\\\/wp-content\\\/uploads\\\/2024\\\/09\\\/11550.jpg\",\"contentUrl\":\"https:\\\/\\\/mentoracristinairiondo.com\\\/wp-content\\\/uploads\\\/2024\\\/09\\\/11550.jpg\"},{\"@type\":\"BreadcrumbList\",\"@id\":\"https:\\\/\\\/mentoracristinairiondo.com\\\/metodologia\\\/#breadcrumb\",\"itemListElement\":[{\"@type\":\"ListItem\",\"position\":1,\"name\":\"Portada\",\"item\":\"https:\\\/\\\/mentoracristinairiondo.com\\\/\"},{\"@type\":\"ListItem\",\"position\":2,\"name\":\"Metodolog\u00eda\"}]},{\"@type\":\"WebSite\",\"@id\":\"https:\\\/\\\/mentoracristinairiondo.com\\\/#website\",\"url\":\"https:\\\/\\\/mentoracristinairiondo.com\\\/\",\"name\":\"Cristina Irondo\",\"description\":\"MENTORIA EMPRESARIAL\",\"publisher\":{\"@id\":\"https:\\\/\\\/mentoracristinairiondo.com\\\/#organization\"},\"potentialAction\":[{\"@type\":\"SearchAction\",\"target\":{\"@type\":\"EntryPoint\",\"urlTemplate\":\"https:\\\/\\\/mentoracristinairiondo.com\\\/?s={search_term_string}\"},\"query-input\":{\"@type\":\"PropertyValueSpecification\",\"valueRequired\":true,\"valueName\":\"search_term_string\"}}],\"inLanguage\":\"eu\"},{\"@type\":\"Organization\",\"@id\":\"https:\\\/\\\/mentoracristinairiondo.com\\\/#organization\",\"name\":\"Cristina Irondo\",\"url\":\"https:\\\/\\\/mentoracristinairiondo.com\\\/\",\"logo\":{\"@type\":\"ImageObject\",\"inLanguage\":\"eu\",\"@id\":\"https:\\\/\\\/mentoracristinairiondo.com\\\/#\\\/schema\\\/logo\\\/image\\\/\",\"url\":\"https:\\\/\\\/mentoracristinairiondo.com\\\/wp-content\\\/uploads\\\/2024\\\/12\\\/cropped-Mentora-Empresarial-1.jpg\",\"contentUrl\":\"https:\\\/\\\/mentoracristinairiondo.com\\\/wp-content\\\/uploads\\\/2024\\\/12\\\/cropped-Mentora-Empresarial-1.jpg\",\"width\":1280,\"height\":567,\"caption\":\"Cristina Irondo\"},\"image\":{\"@id\":\"https:\\\/\\\/mentoracristinairiondo.com\\\/#\\\/schema\\\/logo\\\/image\\\/\"}}]}<\/script>\n<!-- \/ Yoast SEO plugin. -->","yoast_head_json":{"title":"Metodolog\u00eda - Cristina Irondo","robots":{"index":"index","follow":"follow","max-snippet":"max-snippet:-1","max-image-preview":"max-image-preview:large","max-video-preview":"max-video-preview:-1"},"canonical":"https:\/\/mentoracristinairiondo.com\/eus\/metodologia\/","og_locale":"en_US","og_type":"article","og_title":"Metodolog\u00eda - Cristina Irondo","og_description":"Metodolog\u00eda de Trabajo Mi enfoque: pr\u00e1ctico, cercano y orientado a resultados. 1. Diagn\u00f3stico inicial personalizado. 2. Plan de acci\u00f3n espec\u00edfico para tu pyme. 3. Acompa\u00f1amiento continuo y seguimiento de resultados. Un enfoque pr\u00e1ctico para transformar tu pyme. La mentor\u00eda empresarial es m\u00e1s que consejos: es un proceso estructurado para impulsar el crecimiento de tu empresa. [&hellip;]","og_url":"https:\/\/mentoracristinairiondo.com\/eus\/metodologia\/","og_site_name":"Cristina Irondo","article_modified_time":"2024-12-05T09:08:00+00:00","og_image":[{"width":1500,"height":1000,"url":"https:\/\/mentoracristinairiondo.com\/wp-content\/uploads\/2024\/09\/11550.jpg","type":"image\/jpeg"}],"twitter_card":"summary_large_image","twitter_misc":{"Est. reading time":"2 minutua"},"schema":{"@context":"https:\/\/schema.org","@graph":[{"@type":"WebPage","@id":"https:\/\/mentoracristinairiondo.com\/metodologia\/","url":"https:\/\/mentoracristinairiondo.com\/metodologia\/","name":"Metodolog\u00eda - Cristina Irondo","isPartOf":{"@id":"https:\/\/mentoracristinairiondo.com\/#website"},"primaryImageOfPage":{"@id":"https:\/\/mentoracristinairiondo.com\/metodologia\/#primaryimage"},"image":{"@id":"https:\/\/mentoracristinairiondo.com\/metodologia\/#primaryimage"},"thumbnailUrl":"https:\/\/mentoracristinairiondo.com\/wp-content\/uploads\/2024\/09\/11550.jpg","datePublished":"2024-12-04T13:45:45+00:00","dateModified":"2024-12-05T09:08:00+00:00","breadcrumb":{"@id":"https:\/\/mentoracristinairiondo.com\/metodologia\/#breadcrumb"},"inLanguage":"eu","potentialAction":[{"@type":"ReadAction","target":["https:\/\/mentoracristinairiondo.com\/metodologia\/"]}]},{"@type":"ImageObject","inLanguage":"eu","@id":"https:\/\/mentoracristinairiondo.com\/metodologia\/#primaryimage","url":"https:\/\/mentoracristinairiondo.com\/wp-content\/uploads\/2024\/09\/11550.jpg","contentUrl":"https:\/\/mentoracristinairiondo.com\/wp-content\/uploads\/2024\/09\/11550.jpg"},{"@type":"BreadcrumbList","@id":"https:\/\/mentoracristinairiondo.com\/metodologia\/#breadcrumb","itemListElement":[{"@type":"ListItem","position":1,"name":"Portada","item":"https:\/\/mentoracristinairiondo.com\/"},{"@type":"ListItem","position":2,"name":"Metodolog\u00eda"}]},{"@type":"WebSite","@id":"https:\/\/mentoracristinairiondo.com\/#website","url":"https:\/\/mentoracristinairiondo.com\/","name":"Cristina Irondo","description":"MENTORIA EMPRESARIAL","publisher":{"@id":"https:\/\/mentoracristinairiondo.com\/#organization"},"potentialAction":[{"@type":"SearchAction","target":{"@type":"EntryPoint","urlTemplate":"https:\/\/mentoracristinairiondo.com\/?s={search_term_string}"},"query-input":{"@type":"PropertyValueSpecification","valueRequired":true,"valueName":"search_term_string"}}],"inLanguage":"eu"},{"@type":"Organization","@id":"https:\/\/mentoracristinairiondo.com\/#organization","name":"Cristina Irondo","url":"https:\/\/mentoracristinairiondo.com\/","logo":{"@type":"ImageObject","inLanguage":"eu","@id":"https:\/\/mentoracristinairiondo.com\/#\/schema\/logo\/image\/","url":"https:\/\/mentoracristinairiondo.com\/wp-content\/uploads\/2024\/12\/cropped-Mentora-Empresarial-1.jpg","contentUrl":"https:\/\/mentoracristinairiondo.com\/wp-content\/uploads\/2024\/12\/cropped-Mentora-Empresarial-1.jpg","width":1280,"height":567,"caption":"Cristina Irondo"},"image":{"@id":"https:\/\/mentoracristinairiondo.com\/#\/schema\/logo\/image\/"}}]}},"_links":{"self":[{"href":"https:\/\/mentoracristinairiondo.com\/eus\/wp-json\/wp\/v2\/pages\/2823","targetHints":{"allow":["GET"]}}],"collection":[{"href":"https:\/\/mentoracristinairiondo.com\/eus\/wp-json\/wp\/v2\/pages"}],"about":[{"href":"https:\/\/mentoracristinairiondo.com\/eus\/wp-json\/wp\/v2\/types\/page"}],"author":[{"embeddable":true,"href":"https:\/\/mentoracristinairiondo.com\/eus\/wp-json\/wp\/v2\/users\/2"}],"replies":[{"embeddable":true,"href":"https:\/\/mentoracristinairiondo.com\/eus\/wp-json\/wp\/v2\/comments?post=2823"}],"version-history":[{"count":67,"href":"https:\/\/mentoracristinairiondo.com\/eus\/wp-json\/wp\/v2\/pages\/2823\/revisions"}],"predecessor-version":[{"id":2990,"href":"https:\/\/mentoracristinairiondo.com\/eus\/wp-json\/wp\/v2\/pages\/2823\/revisions\/2990"}],"wp:attachment":[{"href":"https:\/\/mentoracristinairiondo.com\/eus\/wp-json\/wp\/v2\/media?parent=2823"}],"curies":[{"name":"wp","href":"https:\/\/api.w.org\/{rel}","templated":true}]}}